{"id":528,"date":"2024-01-24T05:49:30","date_gmt":"2024-01-24T04:49:30","guid":{"rendered":"https:\/\/notariasantisteban.com\/?page_id=528"},"modified":"2024-08-26T03:18:43","modified_gmt":"2024-08-26T01:18:43","slug":"sucesion-intestada","status":"publish","type":"page","link":"https:\/\/notariasantisteban.com\/index.php\/sucesion-intestada\/","title":{"rendered":"SUCESI\u00d3N INTESTADA"},"content":{"rendered":"\t\t<div data-elementor-type=\"wp-page\" data-elementor-id=\"528\" class=\"elementor elementor-528\" data-elementor-post-type=\"page\">\n\t\t\t\t\t\t\t\t\t<section class=\"elementor-section elementor-top-section elementor-element elementor-element-76cfb3cf elementor-section-boxed elementor-section-height-default elementor-section-height-default\" data-id=\"76cfb3cf\" data-element_type=\"section\">\n\t\t\t\t\t\t\t<div class=\"elementor-background-overlay\"><\/div>\n\t\t\t\t\t\t\t<div class=\"elementor-container elementor-column-gap-default\">\n\t\t\t\t\t<div class=\"elementor-column elementor-col-100 elementor-top-column elementor-element elementor-element-76c8bf1f\" data-id=\"76c8bf1f\" data-element_type=\"column\">\n\t\t\t<div class=\"elementor-widget-wrap elementor-element-populated\">\n\t\t\t\t\t\t\t\t<div class=\"elementor-element elementor-element-4b48a16d elementor-tabs-view-vertical elementor-tabs-alignment-center elementor-widget elementor-widget-tabs\" data-id=\"4b48a16d\" data-element_type=\"widget\" data-widget_type=\"tabs.default\">\n\t\t\t\t<div class=\"elementor-widget-container\">\n\t\t\t<style>\/*! elementor - v3.18.0 - 20-12-2023 *\/\n.elementor-widget-tabs.elementor-tabs-view-vertical .elementor-tabs-wrapper{width:25%;flex-shrink:0}.elementor-widget-tabs.elementor-tabs-view-vertical .elementor-tab-desktop-title.elementor-active{border-right-style:none}.elementor-widget-tabs.elementor-tabs-view-vertical .elementor-tab-desktop-title.elementor-active:after,.elementor-widget-tabs.elementor-tabs-view-vertical .elementor-tab-desktop-title.elementor-active:before{height:999em;width:0;right:0;border-right-style:solid}.elementor-widget-tabs.elementor-tabs-view-vertical .elementor-tab-desktop-title.elementor-active:before{top:0;transform:translateY(-100%)}.elementor-widget-tabs.elementor-tabs-view-vertical .elementor-tab-desktop-title.elementor-active:after{top:100%}.elementor-widget-tabs.elementor-tabs-view-horizontal .elementor-tab-desktop-title{display:table-cell}.elementor-widget-tabs.elementor-tabs-view-horizontal .elementor-tab-desktop-title.elementor-active{border-bottom-style:none}.elementor-widget-tabs.elementor-tabs-view-horizontal .elementor-tab-desktop-title.elementor-active:after,.elementor-widget-tabs.elementor-tabs-view-horizontal .elementor-tab-desktop-title.elementor-active:before{bottom:0;height:0;width:999em;border-bottom-style:solid}.elementor-widget-tabs.elementor-tabs-view-horizontal .elementor-tab-desktop-title.elementor-active:before{right:100%}.elementor-widget-tabs.elementor-tabs-view-horizontal .elementor-tab-desktop-title.elementor-active:after{left:100%}.elementor-widget-tabs .elementor-tab-content,.elementor-widget-tabs .elementor-tab-title,.elementor-widget-tabs .elementor-tab-title:after,.elementor-widget-tabs .elementor-tab-title:before,.elementor-widget-tabs .elementor-tabs-content-wrapper{border:1px #d5d8dc}.elementor-widget-tabs .elementor-tabs{text-align:left}.elementor-widget-tabs .elementor-tabs-wrapper{overflow:hidden}.elementor-widget-tabs .elementor-tab-title{cursor:pointer;outline:var(--focus-outline,none)}.elementor-widget-tabs .elementor-tab-desktop-title{position:relative;padding:20px 25px;font-weight:700;line-height:1;border:solid transparent}.elementor-widget-tabs .elementor-tab-desktop-title.elementor-active{border-color:#d5d8dc}.elementor-widget-tabs .elementor-tab-desktop-title.elementor-active:after,.elementor-widget-tabs .elementor-tab-desktop-title.elementor-active:before{display:block;content:\"\";position:absolute}.elementor-widget-tabs .elementor-tab-desktop-title:focus-visible{border:1px solid #000}.elementor-widget-tabs .elementor-tab-mobile-title{padding:10px;cursor:pointer}.elementor-widget-tabs .elementor-tab-content{padding:20px;display:none}@media (max-width:767px){.elementor-tabs .elementor-tab-content,.elementor-tabs .elementor-tab-title{border-style:solid solid none}.elementor-tabs .elementor-tabs-wrapper{display:none}.elementor-tabs .elementor-tabs-content-wrapper{border-bottom-style:solid}.elementor-tabs .elementor-tab-content{padding:10px}}@media (min-width:768px){.elementor-widget-tabs.elementor-tabs-view-vertical .elementor-tabs{display:flex}.elementor-widget-tabs.elementor-tabs-view-vertical .elementor-tabs-wrapper{flex-direction:column}.elementor-widget-tabs.elementor-tabs-view-vertical .elementor-tabs-content-wrapper{flex-grow:1;border-style:solid solid solid none}.elementor-widget-tabs.elementor-tabs-view-horizontal .elementor-tab-content{border-style:none solid solid}.elementor-widget-tabs.elementor-tabs-alignment-center .elementor-tabs-wrapper,.elementor-widget-tabs.elementor-tabs-alignment-end .elementor-tabs-wrapper,.elementor-widget-tabs.elementor-tabs-alignment-stretch .elementor-tabs-wrapper{display:flex}.elementor-widget-tabs.elementor-tabs-alignment-center .elementor-tabs-wrapper{justify-content:center}.elementor-widget-tabs.elementor-tabs-alignment-end .elementor-tabs-wrapper{justify-content:flex-end}.elementor-widget-tabs.elementor-tabs-alignment-stretch.elementor-tabs-view-horizontal .elementor-tab-title{width:100%}.elementor-widget-tabs.elementor-tabs-alignment-stretch.elementor-tabs-view-vertical .elementor-tab-title{height:100%}.elementor-tabs .elementor-tab-mobile-title{display:none}}<\/style>\t\t<div class=\"elementor-tabs\">\n\t\t\t<div class=\"elementor-tabs-wrapper\" role=\"tablist\" >\n\t\t\t\t\t\t\t\t\t<div id=\"elementor-tab-title-1261\" class=\"elementor-tab-title elementor-tab-desktop-title\" aria-selected=\"true\" data-tab=\"1\" role=\"tab\" tabindex=\"0\" aria-controls=\"elementor-tab-content-1261\" aria-expanded=\"false\">CONSTITUCI\u00d3N DE HIPOTECA<\/div>\n\t\t\t\t\t\t\t\t\t<div id=\"elementor-tab-title-1262\" class=\"elementor-tab-title elementor-tab-desktop-title\" aria-selected=\"false\" data-tab=\"2\" role=\"tab\" tabindex=\"-1\" aria-controls=\"elementor-tab-content-1262\" aria-expanded=\"false\">LEVANTAMIENTO DE HIPOTECA<\/div>\n\t\t\t\t\t\t\t\t\t<div id=\"elementor-tab-title-1263\" class=\"elementor-tab-title elementor-tab-desktop-title\" aria-selected=\"false\" data-tab=\"3\" role=\"tab\" tabindex=\"-1\" aria-controls=\"elementor-tab-content-1263\" aria-expanded=\"false\">CONSTITUCI\u00d3N DE GARANT\u00cdA MOBILIARIA<\/div>\n\t\t\t\t\t\t\t\t\t<div id=\"elementor-tab-title-1264\" class=\"elementor-tab-title elementor-tab-desktop-title\" aria-selected=\"false\" data-tab=\"4\" role=\"tab\" tabindex=\"-1\" aria-controls=\"elementor-tab-content-1264\" aria-expanded=\"false\">CANCELACI\u00d3N DE GARANT\u00cdA MOBILIARIA<\/div>\n\t\t\t\t\t\t\t\t\t<div id=\"elementor-tab-title-1265\" class=\"elementor-tab-title elementor-tab-desktop-title\" aria-selected=\"false\" data-tab=\"5\" role=\"tab\" tabindex=\"-1\" aria-controls=\"elementor-tab-content-1265\" aria-expanded=\"false\">ARRENDAMIENTO DE BIEN INMUEBLE POR ESCRITURA P\u00daBLICA<\/div>\n\t\t\t\t\t\t\t\t\t<div id=\"elementor-tab-title-1266\" class=\"elementor-tab-title elementor-tab-desktop-title\" aria-selected=\"false\" data-tab=\"6\" role=\"tab\" tabindex=\"-1\" aria-controls=\"elementor-tab-content-1266\" aria-expanded=\"false\">SUSTITUCI\u00d3N DE R\u00c9GIMEN PATRIMONIAL<\/div>\n\t\t\t\t\t\t\t\t\t<div id=\"elementor-tab-title-1267\" class=\"elementor-tab-title elementor-tab-desktop-title\" aria-selected=\"false\" data-tab=\"7\" role=\"tab\" tabindex=\"-1\" aria-controls=\"elementor-tab-content-1267\" aria-expanded=\"false\">RECONOCIMIENTO DE EMBARAZO Y PATERNIDAD<\/div>\n\t\t\t\t\t\t\t\t\t<div id=\"elementor-tab-title-1268\" class=\"elementor-tab-title elementor-tab-desktop-title\" aria-selected=\"false\" data-tab=\"8\" role=\"tab\" tabindex=\"-1\" aria-controls=\"elementor-tab-content-1268\" aria-expanded=\"false\">REQUISITO PARA TESTAMENTO<\/div>\n\t\t\t\t\t\t\t\t\t<div id=\"elementor-tab-title-1269\" class=\"elementor-tab-title elementor-tab-desktop-title\" aria-selected=\"false\" data-tab=\"9\" role=\"tab\" tabindex=\"-1\" aria-controls=\"elementor-tab-content-1269\" aria-expanded=\"false\">DESIGNACI\u00d3N DE APOYO Y SALVAGUARDIAS CON REPRESENTACI\u00d3N<\/div>\n\t\t\t\t\t\t\t<\/div>\n\t\t\t<div class=\"elementor-tabs-content-wrapper\" role=\"tablist\" aria-orientation=\"vertical\">\n\t\t\t\t\t\t\t\t\t<div class=\"elementor-tab-title elementor-tab-mobile-title\" aria-selected=\"true\" data-tab=\"1\" role=\"tab\" tabindex=\"0\" aria-controls=\"elementor-tab-content-1261\" aria-expanded=\"false\">CONSTITUCI\u00d3N DE HIPOTECA<\/div>\n\t\t\t\t\t<div id=\"elementor-tab-content-1261\" class=\"elementor-tab-content elementor-clearfix\" data-tab=\"1\" role=\"tabpanel\" aria-labelledby=\"elementor-tab-title-1261\" tabindex=\"0\" hidden=\"false\"><ul><li>Minuta suscrita por los contratantes y autorizada por abogado.<\/li><li>DNI de los contratantes.<\/li><li>Certificado literal actualizado de la partida registral del inmueble, expedido por Registros P\u00fablicos (SUNARP).<\/li><li>De ser el caso, se deber\u00e1 presentar el medio bancario: dep\u00f3sito bancario, transferencia bancaria, cheque de gerencia, etc.<\/li><\/ul><p>\u00a0<\/p><p><u>INFORMACI\u00d3N A TENER EN CUENTA:<\/u><\/p><ul><li>Si alguno de los contratantes se encuentra representado por un apoderado, se deber\u00e1 presentar el certificado de vigencia de poder actualizado, expedido por Registros P\u00fablicos (SUNARP).<\/li><li>Si alguno de los contratantes es una persona jur\u00eddica, el representante legal deber\u00e1 presentar el certificado de vigencia de poder actualizado, expedido por Registros P\u00fablicos (SUNARP); y, la ficha RUC actualizada emitida por SUNAT.<\/li><li>Si alguno de los contratantes, se encuentra acogido al r\u00e9gimen de separaci\u00f3n de patrimonios, deber\u00e1 presentar el certificado literal actualizado de la partida registral, expedido por Registros P\u00fablicos (SUNARP).<\/li><li>Si alguno de los contratantes es extranjero, deber\u00e1 presentar el carnet de extranjer\u00eda.<\/li><\/ul><p><em>Los requisitos son referenciales, luego de revisar la documentaci\u00f3n, la notar\u00eda podr\u00e1 solicitar documentos adicionales.<\/em><\/p><\/div>\n\t\t\t\t\t\t\t\t\t<div class=\"elementor-tab-title elementor-tab-mobile-title\" aria-selected=\"false\" data-tab=\"2\" role=\"tab\" tabindex=\"-1\" aria-controls=\"elementor-tab-content-1262\" aria-expanded=\"false\">LEVANTAMIENTO DE HIPOTECA<\/div>\n\t\t\t\t\t<div id=\"elementor-tab-content-1262\" class=\"elementor-tab-content elementor-clearfix\" data-tab=\"2\" role=\"tabpanel\" aria-labelledby=\"elementor-tab-title-1262\" tabindex=\"0\" hidden=\"hidden\"><ul><li>Minuta suscrita por el acreedor y autorizada por abogado.<\/li><li>DNI del acreedor.<\/li><li>Copia de DNI del deudor.<\/li><li>Certificado literal actualizado de la partida registral del inmueble, expedido por Registros P\u00fablicos (SUNARP).<\/li><li>De ser el caso, se deber\u00e1 presentar el medio bancario: dep\u00f3sito bancario, transferencia bancaria, cheque de gerencia, etc.<\/li><\/ul><p>\u00a0<\/p><p><u>INFORMACI\u00d3N A TENER EN CUENTA:<\/u><\/p><ul><li>Si el acreedor se encuentra representado por un apoderado, se deber\u00e1 presentar el certificado de vigencia de poder actualizado, expedido por Registros P\u00fablicos (SUNARP).<\/li><li>Si el acreedor es una persona jur\u00eddica, el representante legal deber\u00e1 presentar el certificado de vigencia de poder actualizado, expedido por Registros P\u00fablicos (SUNARP); y, la ficha RUC actualizada emitida por SUNAT.<\/li><\/ul><p>\u00a0<\/p><p><em>Los requisitos son referenciales, luego de revisar la documentaci\u00f3n, la notar\u00eda podr\u00e1 solicitar documentos adicionales.<\/em><\/p><\/div>\n\t\t\t\t\t\t\t\t\t<div class=\"elementor-tab-title elementor-tab-mobile-title\" aria-selected=\"false\" data-tab=\"3\" role=\"tab\" tabindex=\"-1\" aria-controls=\"elementor-tab-content-1263\" aria-expanded=\"false\">CONSTITUCI\u00d3N DE GARANT\u00cdA MOBILIARIA<\/div>\n\t\t\t\t\t<div id=\"elementor-tab-content-1263\" class=\"elementor-tab-content elementor-clearfix\" data-tab=\"3\" role=\"tabpanel\" aria-labelledby=\"elementor-tab-title-1263\" tabindex=\"0\" hidden=\"hidden\"><ul><li>Minuta suscrita por los contratantes y autorizada por abogado.<\/li><li>DNI de los contratantes.<\/li><li>Boleta informativa del veh\u00edculo, expedida por Registros P\u00fablicos (SUNARP). <sup>1<\/sup><\/li><li>Tarjeta de propiedad, expedida por Registros P\u00fablicos (SUNARP).<\/li><li>De ser el caso, se deber\u00e1 presentar el medio bancario: dep\u00f3sito bancario, transferencia bancaria, cheque de gerencia, etc.<\/li><\/ul><p><u>INFORMACI\u00d3N A TENER EN CUENTA:<\/u><\/p><ul><li>Si alguno de los contratantes se encuentra representado por un apoderado, se deber\u00e1 presentar el certificado de vigencia de poder actualizado, expedido por Registros P\u00fablicos (SUNARP).<\/li><li>Si alguno de los contratantes es una persona jur\u00eddica, el representante legal deber\u00e1 presentar el certificado de vigencia de poder actualizado, expedido por Registros P\u00fablicos (SUNARP); y, la ficha RUC actualizada emitida por SUNAT.<ul><li>Si alguno de los contratantes, se encuentra acogido al r\u00e9gimen de separaci\u00f3n de patrimonios, deber\u00e1 presentar el certificado literal actualizado de la partida registral, expedido por Registros P\u00fablicos (SUNARP).<\/li><\/ul><\/li><li>Si alguno de los contratantes es extranjero, deber\u00e1 presentar el carnet de extranjer\u00eda.<\/li><\/ul><p>\u00a0<\/p><p><sup>1\u00a0\u00a0 <\/sup>En notar\u00eda se puede realizar la gesti\u00f3n de la boleta informativa del veh\u00edculo.<\/p><p><em>Los requisitos son referenciales, luego de revisar la documentaci\u00f3n, la notar\u00eda podr\u00e1 solicitar documentos adicionales.<\/em><\/p><\/div>\n\t\t\t\t\t\t\t\t\t<div class=\"elementor-tab-title elementor-tab-mobile-title\" aria-selected=\"false\" data-tab=\"4\" role=\"tab\" tabindex=\"-1\" aria-controls=\"elementor-tab-content-1264\" aria-expanded=\"false\">CANCELACI\u00d3N DE GARANT\u00cdA MOBILIARIA<\/div>\n\t\t\t\t\t<div id=\"elementor-tab-content-1264\" class=\"elementor-tab-content elementor-clearfix\" data-tab=\"4\" role=\"tabpanel\" aria-labelledby=\"elementor-tab-title-1264\" tabindex=\"0\" hidden=\"hidden\"><ul><li>Minuta suscrita por el acreedor y autorizada por abogado.<\/li><li>DNI del acreedor<\/li><li>Copia del DNI del deudor.<\/li><li>Boleta informativa del veh\u00edculo, expedida por Registros P\u00fablicos (SUNARP). <sup>1<\/sup><\/li><li>Tarjeta de propiedad, expedida por Registros P\u00fablicos (SUNARP).<\/li><li>En caso se trate de un veh\u00edculo, se deber\u00e1 presentar el SOAT vigente.<\/li><li>De ser el caso, se deber\u00e1 presentar el medio bancario: dep\u00f3sito bancario, transferencia bancaria, cheque de gerencia, etc.<\/li><\/ul><p>\u00a0<\/p><p><u>INFORMACI\u00d3N A TENER EN CUENTA:<\/u><\/p><ul><li>Si el acreedor se encuentra representado por un apoderado, se deber\u00e1 presentar el certificado de vigencia de poder actualizado, expedido por Registros P\u00fablicos (SUNARP).<\/li><li>Si el acreedor es una persona jur\u00eddica, el representante legal deber\u00e1 presentar el certificado de vigencia de poder actualizado, expedido por Registros P\u00fablicos (SUNARP); y, la ficha RUC actualizada emitida por SUNAT.<\/li><\/ul><p>\u00a0<\/p><p><sup>1\u00a0\u00a0 <\/sup>En notar\u00eda se puede realizar la gesti\u00f3n de la boleta informativa del veh\u00edculo.<\/p><p><em>Los requisitos son referenciales, luego de revisar la documentaci\u00f3n, la notar\u00eda podr\u00e1 solicitar documentos adicionales.<\/em><\/p><\/div>\n\t\t\t\t\t\t\t\t\t<div class=\"elementor-tab-title elementor-tab-mobile-title\" aria-selected=\"false\" data-tab=\"5\" role=\"tab\" tabindex=\"-1\" aria-controls=\"elementor-tab-content-1265\" aria-expanded=\"false\">ARRENDAMIENTO DE BIEN INMUEBLE POR ESCRITURA P\u00daBLICA<\/div>\n\t\t\t\t\t<div id=\"elementor-tab-content-1265\" class=\"elementor-tab-content elementor-clearfix\" data-tab=\"5\" role=\"tabpanel\" aria-labelledby=\"elementor-tab-title-1265\" tabindex=\"0\" hidden=\"hidden\"><ul><li>Minuta suscrita por los contratantes y autorizada por abogado.<\/li><li>DNI de los contratantes.<\/li><li>Certificado literal actualizado de la partida registral del inmueble, expedido por Registros P\u00fablicos (SUNARP).<\/li><li>De ser el caso, se deber\u00e1 presentar el medio bancario: dep\u00f3sito bancario, transferencia bancaria, cheque de gerencia, etc.<\/li><\/ul><\/div>\n\t\t\t\t\t\t\t\t\t<div class=\"elementor-tab-title elementor-tab-mobile-title\" aria-selected=\"false\" data-tab=\"6\" role=\"tab\" tabindex=\"-1\" aria-controls=\"elementor-tab-content-1266\" aria-expanded=\"false\">SUSTITUCI\u00d3N DE R\u00c9GIMEN PATRIMONIAL<\/div>\n\t\t\t\t\t<div id=\"elementor-tab-content-1266\" class=\"elementor-tab-content elementor-clearfix\" data-tab=\"6\" role=\"tabpanel\" aria-labelledby=\"elementor-tab-title-1266\" tabindex=\"0\" hidden=\"hidden\"><ul><li><ul><li>Minuta suscrita por los contratantes y autorizada por abogado.<\/li><li>DNI de los contratantes.<\/li><li>Partida o Acta de matrimonio.<sup> 1 <\/sup><\/li><li>Relaci\u00f3n de bienes inscritos ante Registros P\u00fablicos (SUNARP), y bienes no inscritos a nombre de la sociedad conyugal.<\/li><li>En el caso de bienes inmuebles:<\/li><li>Certificado literal actualizado de la partida registral de los inmuebles, expedido por Registros P\u00fablicos (SUNARP).<\/li><li>Formularios del autoval\u00fao (HR y PU\/PR) del a\u00f1o en curso de los inmuebles, expedido por la municipalidad.<\/li><li>Recibo de pago del impuesto predial de todo el a\u00f1o en curso, expedido por la municipalidad.<\/li><li>Constancia de no adeudo del impuesto predial, expedido por la municipalidad.<\/li><li>En el caso de bienes muebles:<\/li><li>Boleta informativa del veh\u00edculo, expedida por Registros P\u00fablicos (SUNARP).<sup>2<\/sup><\/li><li>Tarjeta de propiedad del veh\u00edculo.<\/li><li>SOAT vigente del veh\u00edculo.<\/li><li>De ser el caso, el comprobante de pago anual del impuesto al patrimonio vehicular.<sup>3<\/sup><\/li><\/ul><p><strong>EN LA NOTAR\u00cdA SE VERIFICAR\u00c1 SI LOS OTORGANTES SE ENCUENTRAN OBLIGADOS A LA PRESENTACI\u00d3N DEL PAGO DEL IMPUESTO AL PATRIMONIO VEHICULAR<\/strong>.<\/p><p><sup>\u00a0<\/sup><\/p><p><sup>1 <\/sup>Los documentos deben ser ORIGINALES y ACTUALIZADOS, con una antig\u00fcedad no mayor a tres meses desde su emisi\u00f3n.<\/p><p><sup>2\u00a0 <\/sup>En la notar\u00eda se puede realizar la gesti\u00f3n de la boleta informativa del veh\u00edculo.<\/p><p><sup>3 <\/sup>La transferencia de mototaxis, motocicletas y motos cargueras no pagan el impuesto al patrimonio vehicular.<\/p><p>\u00a0<\/p><p>\u00a0<\/p><p><u>INFORMACI\u00d3N A TENER EN CUENTA:<\/u><\/p><ul><li>Si alguno de los contratantes se encuentra representado por un apoderado, se deber\u00e1 presentar el certificado de vigencia de poder actualizado, expedido por Registros P\u00fablicos (SUNARP).<\/li><\/ul><p>\u00a0<\/p><p><em>Los requisitos son referenciales, luego de revisar la documentaci\u00f3n, la notar\u00eda podr\u00e1 solicitar documentos adicionales.<\/em><\/p><\/li><\/ul><\/div>\n\t\t\t\t\t\t\t\t\t<div class=\"elementor-tab-title elementor-tab-mobile-title\" aria-selected=\"false\" data-tab=\"7\" role=\"tab\" tabindex=\"-1\" aria-controls=\"elementor-tab-content-1267\" aria-expanded=\"false\">RECONOCIMIENTO DE EMBARAZO Y PATERNIDAD<\/div>\n\t\t\t\t\t<div id=\"elementor-tab-content-1267\" class=\"elementor-tab-content elementor-clearfix\" data-tab=\"7\" role=\"tabpanel\" aria-labelledby=\"elementor-tab-title-1267\" tabindex=\"0\" hidden=\"hidden\"><ul><li>DNI del otorgante.<\/li><li>Copia del DNI de la gestante.<\/li><li>\u00daltima ecograf\u00eda, donde se consigne el tiempo de embarazo.<\/li><\/ul><\/div>\n\t\t\t\t\t\t\t\t\t<div class=\"elementor-tab-title elementor-tab-mobile-title\" aria-selected=\"false\" data-tab=\"8\" role=\"tab\" tabindex=\"-1\" aria-controls=\"elementor-tab-content-1268\" aria-expanded=\"false\">REQUISITO PARA TESTAMENTO<\/div>\n\t\t\t\t\t<div id=\"elementor-tab-content-1268\" class=\"elementor-tab-content elementor-clearfix\" data-tab=\"8\" role=\"tabpanel\" aria-labelledby=\"elementor-tab-title-1268\" tabindex=\"0\" hidden=\"hidden\"><ul><li>DNI del testador.<\/li><li>DNI de dos (02) testigos h\u00e1biles (NO FAMILIARES, NI BENEFICIARIOS).<\/li><li>Relaci\u00f3n de bienes inscritos ante Registros P\u00fablicos (SUNARP), y bienes no inscritos.<\/li><li>Copia del DNI de los beneficiarios de los bienes.<\/li><\/ul><\/div>\n\t\t\t\t\t\t\t\t\t<div class=\"elementor-tab-title elementor-tab-mobile-title\" aria-selected=\"false\" data-tab=\"9\" role=\"tab\" tabindex=\"-1\" aria-controls=\"elementor-tab-content-1269\" aria-expanded=\"false\">DESIGNACI\u00d3N DE APOYO Y SALVAGUARDIAS CON REPRESENTACI\u00d3N<\/div>\n\t\t\t\t\t<div id=\"elementor-tab-content-1269\" class=\"elementor-tab-content elementor-clearfix\" data-tab=\"9\" role=\"tabpanel\" aria-labelledby=\"elementor-tab-title-1269\" tabindex=\"0\" hidden=\"hidden\"><ul><li>Minuta firmada por los solicitantes y autorizada por abogado.<\/li><li>DNI del solicitante.<\/li><li>DNI de la persona designada como \u201cApoyo\u201d.<\/li><li>Copia del DNI de la persona que tendr\u00e1 a cargo la supervisi\u00f3n de la actuaci\u00f3n y obligaci\u00f3n del apoyo.<\/li><li>Certificado m\u00e9dico del solicitante.<\/li><\/ul><\/div>\n\t\t\t\t\t\t\t<\/div>\n\t\t<\/div>\n\t\t\t\t<\/div>\n\t\t\t\t<\/div>\n\t\t\t\t<div class=\"elementor-element elementor-element-7cc07f5 elementor-widget elementor-widget-image\" data-id=\"7cc07f5\" data-element_type=\"widget\" data-widget_type=\"image.default\">\n\t\t\t\t<div class=\"elementor-widget-container\">\n\t\t\t<style>\/*! elementor - v3.18.0 - 20-12-2023 *\/\n.elementor-widget-image{text-align:center}.elementor-widget-image a{display:inline-block}.elementor-widget-image a img[src$=\".svg\"]{width:48px}.elementor-widget-image img{vertical-align:middle;display:inline-block}<\/style>\t\t\t\t\t\t\t\t\t\t\t\t<img decoding=\"async\" width=\"429\" height=\"93\" src=\"https:\/\/notariasantisteban.com\/wp-content\/uploads\/2024\/01\/ALEXIS.png\" class=\"attachment-large size-large wp-image-602\" alt=\"\" srcset=\"https:\/\/notariasantisteban.com\/wp-content\/uploads\/2024\/01\/ALEXIS.png 429w, https:\/\/notariasantisteban.com\/wp-content\/uploads\/2024\/01\/ALEXIS-300x65.png 300w\" sizes=\"(max-width: 429px) 100vw, 429px\" \/>\t\t\t\t\t\t\t\t\t\t\t\t\t\t\t<\/div>\n\t\t\t\t<\/div>\n\t\t\t\t<div class=\"elementor-element elementor-element-4e47e69 elementor-widget elementor-widget-spacer\" data-id=\"4e47e69\" data-element_type=\"widget\" data-widget_type=\"spacer.default\">\n\t\t\t\t<div class=\"elementor-widget-container\">\n\t\t\t<style>\/*! elementor - v3.18.0 - 20-12-2023 *\/\n.elementor-column .elementor-spacer-inner{height:var(--spacer-size)}.e-con{--container-widget-width:100%}.e-con-inner>.elementor-widget-spacer,.e-con>.elementor-widget-spacer{width:var(--container-widget-width,var(--spacer-size));--align-self:var(--container-widget-align-self,initial);--flex-shrink:0}.e-con-inner>.elementor-widget-spacer>.elementor-widget-container,.e-con>.elementor-widget-spacer>.elementor-widget-container{height:100%;width:100%}.e-con-inner>.elementor-widget-spacer>.elementor-widget-container>.elementor-spacer,.e-con>.elementor-widget-spacer>.elementor-widget-container>.elementor-spacer{height:100%}.e-con-inner>.elementor-widget-spacer>.elementor-widget-container>.elementor-spacer>.elementor-spacer-inner,.e-con>.elementor-widget-spacer>.elementor-widget-container>.elementor-spacer>.elementor-spacer-inner{height:var(--container-widget-height,var(--spacer-size))}.e-con-inner>.elementor-widget-spacer.elementor-widget-empty,.e-con>.elementor-widget-spacer.elementor-widget-empty{position:relative;min-height:22px;min-width:22px}.e-con-inner>.elementor-widget-spacer.elementor-widget-empty .elementor-widget-empty-icon,.e-con>.elementor-widget-spacer.elementor-widget-empty .elementor-widget-empty-icon{position:absolute;top:0;bottom:0;left:0;right:0;margin:auto;padding:0;width:22px;height:22px}<\/style>\t\t<div class=\"elementor-spacer\">\n\t\t\t<div class=\"elementor-spacer-inner\"><\/div>\n\t\t<\/div>\n\t\t\t\t<\/div>\n\t\t\t\t<\/div>\n\t\t\t\t\t<\/div>\n\t\t<\/div>\n\t\t\t\t\t\t\t<\/div>\n\t\t<\/section>\n\t\t\t\t\t\t\t<\/div>\n\t\t","protected":false},"excerpt":{"rendered":"<p>CONSTITUCI\u00d3N DE HIPOTECA LEVANTAMIENTO DE HIPOTECA CONSTITUCI\u00d3N DE GARANT\u00cdA MOBILIARIA CANCELACI\u00d3N DE GARANT\u00cdA MOBILIARIA ARRENDAMIENTO DE BIEN INMUEBLE POR ESCRITURA P\u00daBLICA SUSTITUCI\u00d3N DE R\u00c9GIMEN PATRIMONIAL RECONOCIMIENTO DE EMBARAZO Y PATERNIDAD REQUISITO PARA TESTAMENTO DESIGNACI\u00d3N DE APOYO Y SALVAGUARDIAS CON REPRESENTACI\u00d3N CONSTITUCI\u00d3N DE HIPOTECA Minuta suscrita por los contratantes y autorizada por abogado. DNI de los [&hellip;]<\/p>\n","protected":false},"author":1,"featured_media":0,"parent":0,"menu_order":0,"comment_status":"closed","ping_status":"closed","template":"","meta":{"footnotes":""},"_links":{"self":[{"href":"https:\/\/notariasantisteban.com\/index.php\/wp-json\/wp\/v2\/pages\/528"}],"collection":[{"href":"https:\/\/notariasantisteban.com\/index.php\/wp-json\/wp\/v2\/pages"}],"about":[{"href":"https:\/\/notariasantisteban.com\/index.php\/wp-json\/wp\/v2\/types\/page"}],"author":[{"embeddable":true,"href":"https:\/\/notariasantisteban.com\/index.php\/wp-json\/wp\/v2\/users\/1"}],"replies":[{"embeddable":true,"href":"https:\/\/notariasantisteban.com\/index.php\/wp-json\/wp\/v2\/comments?post=528"}],"version-history":[{"count":19,"href":"https:\/\/notariasantisteban.com\/index.php\/wp-json\/wp\/v2\/pages\/528\/revisions"}],"predecessor-version":[{"id":1029,"href":"https:\/\/notariasantisteban.com\/index.php\/wp-json\/wp\/v2\/pages\/528\/revisions\/1029"}],"wp:attachment":[{"href":"https:\/\/notariasantisteban.com\/index.php\/wp-json\/wp\/v2\/media?parent=528"}],"curies":[{"name":"wp","href":"https:\/\/api.w.org\/{rel}","templated":true}]}}