{"id":559,"date":"2024-01-24T06:00:37","date_gmt":"2024-01-24T05:00:37","guid":{"rendered":"https:\/\/notariasantisteban.com\/?page_id=559"},"modified":"2024-04-18T04:26:39","modified_gmt":"2024-04-18T02:26:39","slug":"prescripcion-adquisitiva-de-dominio-vehicular","status":"publish","type":"page","link":"https:\/\/notariasantisteban.com\/index.php\/prescripcion-adquisitiva-de-dominio-vehicular\/","title":{"rendered":"Prescripci\u00f3n Adquisitiva de Dominio Vehicular"},"content":{"rendered":"\t\t<div data-elementor-type=\"wp-page\" data-elementor-id=\"559\" class=\"elementor elementor-559\" data-elementor-post-type=\"page\">\n\t\t\t\t\t\t\t\t\t<section class=\"elementor-section elementor-top-section elementor-element elementor-element-7be72c37 elementor-section-boxed elementor-section-height-default elementor-section-height-default\" data-id=\"7be72c37\" data-element_type=\"section\">\n\t\t\t\t\t\t\t<div class=\"elementor-background-overlay\"><\/div>\n\t\t\t\t\t\t\t<div class=\"elementor-container elementor-column-gap-default\">\n\t\t\t\t\t<div class=\"elementor-column elementor-col-100 elementor-top-column elementor-element elementor-element-6107fef\" data-id=\"6107fef\" data-element_type=\"column\">\n\t\t\t<div class=\"elementor-widget-wrap elementor-element-populated\">\n\t\t\t\t\t\t\t\t<div class=\"elementor-element elementor-element-6f91291f elementor-tabs-view-vertical elementor-tabs-alignment-center elementor-widget elementor-widget-tabs\" data-id=\"6f91291f\" data-element_type=\"widget\" data-widget_type=\"tabs.default\">\n\t\t\t\t<div class=\"elementor-widget-container\">\n\t\t\t<style>\/*! elementor - v3.18.0 - 20-12-2023 *\/\n.elementor-widget-tabs.elementor-tabs-view-vertical .elementor-tabs-wrapper{width:25%;flex-shrink:0}.elementor-widget-tabs.elementor-tabs-view-vertical .elementor-tab-desktop-title.elementor-active{border-right-style:none}.elementor-widget-tabs.elementor-tabs-view-vertical .elementor-tab-desktop-title.elementor-active:after,.elementor-widget-tabs.elementor-tabs-view-vertical .elementor-tab-desktop-title.elementor-active:before{height:999em;width:0;right:0;border-right-style:solid}.elementor-widget-tabs.elementor-tabs-view-vertical .elementor-tab-desktop-title.elementor-active:before{top:0;transform:translateY(-100%)}.elementor-widget-tabs.elementor-tabs-view-vertical .elementor-tab-desktop-title.elementor-active:after{top:100%}.elementor-widget-tabs.elementor-tabs-view-horizontal .elementor-tab-desktop-title{display:table-cell}.elementor-widget-tabs.elementor-tabs-view-horizontal .elementor-tab-desktop-title.elementor-active{border-bottom-style:none}.elementor-widget-tabs.elementor-tabs-view-horizontal .elementor-tab-desktop-title.elementor-active:after,.elementor-widget-tabs.elementor-tabs-view-horizontal .elementor-tab-desktop-title.elementor-active:before{bottom:0;height:0;width:999em;border-bottom-style:solid}.elementor-widget-tabs.elementor-tabs-view-horizontal .elementor-tab-desktop-title.elementor-active:before{right:100%}.elementor-widget-tabs.elementor-tabs-view-horizontal .elementor-tab-desktop-title.elementor-active:after{left:100%}.elementor-widget-tabs .elementor-tab-content,.elementor-widget-tabs .elementor-tab-title,.elementor-widget-tabs .elementor-tab-title:after,.elementor-widget-tabs .elementor-tab-title:before,.elementor-widget-tabs .elementor-tabs-content-wrapper{border:1px #d5d8dc}.elementor-widget-tabs .elementor-tabs{text-align:left}.elementor-widget-tabs .elementor-tabs-wrapper{overflow:hidden}.elementor-widget-tabs .elementor-tab-title{cursor:pointer;outline:var(--focus-outline,none)}.elementor-widget-tabs .elementor-tab-desktop-title{position:relative;padding:20px 25px;font-weight:700;line-height:1;border:solid transparent}.elementor-widget-tabs .elementor-tab-desktop-title.elementor-active{border-color:#d5d8dc}.elementor-widget-tabs .elementor-tab-desktop-title.elementor-active:after,.elementor-widget-tabs .elementor-tab-desktop-title.elementor-active:before{display:block;content:\"\";position:absolute}.elementor-widget-tabs .elementor-tab-desktop-title:focus-visible{border:1px solid #000}.elementor-widget-tabs .elementor-tab-mobile-title{padding:10px;cursor:pointer}.elementor-widget-tabs .elementor-tab-content{padding:20px;display:none}@media (max-width:767px){.elementor-tabs .elementor-tab-content,.elementor-tabs .elementor-tab-title{border-style:solid solid none}.elementor-tabs .elementor-tabs-wrapper{display:none}.elementor-tabs .elementor-tabs-content-wrapper{border-bottom-style:solid}.elementor-tabs .elementor-tab-content{padding:10px}}@media (min-width:768px){.elementor-widget-tabs.elementor-tabs-view-vertical .elementor-tabs{display:flex}.elementor-widget-tabs.elementor-tabs-view-vertical .elementor-tabs-wrapper{flex-direction:column}.elementor-widget-tabs.elementor-tabs-view-vertical .elementor-tabs-content-wrapper{flex-grow:1;border-style:solid solid solid none}.elementor-widget-tabs.elementor-tabs-view-horizontal .elementor-tab-content{border-style:none solid solid}.elementor-widget-tabs.elementor-tabs-alignment-center .elementor-tabs-wrapper,.elementor-widget-tabs.elementor-tabs-alignment-end .elementor-tabs-wrapper,.elementor-widget-tabs.elementor-tabs-alignment-stretch .elementor-tabs-wrapper{display:flex}.elementor-widget-tabs.elementor-tabs-alignment-center .elementor-tabs-wrapper{justify-content:center}.elementor-widget-tabs.elementor-tabs-alignment-end .elementor-tabs-wrapper{justify-content:flex-end}.elementor-widget-tabs.elementor-tabs-alignment-stretch.elementor-tabs-view-horizontal .elementor-tab-title{width:100%}.elementor-widget-tabs.elementor-tabs-alignment-stretch.elementor-tabs-view-vertical .elementor-tab-title{height:100%}.elementor-tabs .elementor-tab-mobile-title{display:none}}<\/style>\t\t<div class=\"elementor-tabs\">\n\t\t\t<div class=\"elementor-tabs-wrapper\" role=\"tablist\" >\n\t\t\t\t\t\t\t\t\t<div id=\"elementor-tab-title-1871\" class=\"elementor-tab-title elementor-tab-desktop-title\" aria-selected=\"true\" data-tab=\"1\" role=\"tab\" tabindex=\"0\" aria-controls=\"elementor-tab-content-1871\" aria-expanded=\"false\">PRESCRIPCION ADQUISITIVA DE DOMINIO VEHICULAR <\/div>\n\t\t\t\t\t\t\t<\/div>\n\t\t\t<div class=\"elementor-tabs-content-wrapper\" role=\"tablist\" aria-orientation=\"vertical\">\n\t\t\t\t\t\t\t\t\t<div class=\"elementor-tab-title elementor-tab-mobile-title\" aria-selected=\"true\" data-tab=\"1\" role=\"tab\" tabindex=\"0\" aria-controls=\"elementor-tab-content-1871\" aria-expanded=\"false\">PRESCRIPCION ADQUISITIVA DE DOMINIO VEHICULAR <\/div>\n\t\t\t\t\t<div id=\"elementor-tab-content-1871\" class=\"elementor-tab-content elementor-clearfix\" data-tab=\"1\" role=\"tabpanel\" aria-labelledby=\"elementor-tab-title-1871\" tabindex=\"0\" hidden=\"false\"><ol>\n \t<li>Solicitud<\/li>\n \t<li>Documento nacional de identidad del solicitante.<\/li>\n \t<li>Tres (03) a seis (06) testigos mayores de 25 a\u00f1os, que no sean familiares del solicitante.<\/li>\n \t<li>Copia literal de la partida registral del veh\u00edculo, expedido por Registros P\u00fablicos.<\/li>\n \t<li>Certificado de gravamen, expedido por Registros P\u00fablicos.<\/li>\n \t<li>Certificaci\u00f3n expedida por la Direcci\u00f3n de Investigaci\u00f3n de Robo de Veh\u00edculos -DIROVE, actualizada.<\/li>\n \t<li>Medios probatorios de posesi\u00f3n por 5 a\u00f1os como: contrato privado con firmas legalizadas, revisiones t\u00e9cnicas, SOAT, documentos expedidos por la Municipalidad o Ministerio de Transportes, papeletas, boletas por repuestos, entre otros.<\/li>\n \t<li>Publicaci\u00f3n de un extracto de la solicitud en diario oficial \u201cEl Peruano\u201d y otro diario de circulaci\u00f3n<\/li>\n<\/ol>\n<u>NOTA<\/u>: El notario realizar\u00e1 una visita al domicilio del solicitante para verificar si la posesi\u00f3n es pac\u00edfica y publica. Se realizar\u00e1 el pegado de avisos en el veh\u00edculo indicando las caracter\u00edsticas principales y el proceso que se est\u00e1 llevando a cabo en la notar\u00eda.\n\nTranscurridos el plazo de 25 d\u00edas h\u00e1biles desde la \u00faltima publicaci\u00f3n, sin mediar oposici\u00f3n, el notario extender\u00e1 Acta de Prescripci\u00f3n Adquisitiva de Dominio Vehicular y cursar\u00e1 parte notarial a Registros P\u00fablicos.\n<iframe width=\"560\" height=\"315\" src=\"https:\/\/www.youtube.com\/embed\/l3oyafUfwXg?si=1q9Ho7Inv1UaKssn\" title=\"YouTube video player\" frameborder=\"0\" allow=\"accelerometer; autoplay; clipboard-write; encrypted-media; gyroscope; picture-in-picture; web-share\" referrerpolicy=\"strict-origin-when-cross-origin\" allowfullscreen><\/iframe><\/div>\n\t\t\t\t\t\t\t<\/div>\n\t\t<\/div>\n\t\t\t\t<\/div>\n\t\t\t\t<\/div>\n\t\t\t\t<div class=\"elementor-element elementor-element-a585430 elementor-widget elementor-widget-image\" data-id=\"a585430\" data-element_type=\"widget\" data-widget_type=\"image.default\">\n\t\t\t\t<div class=\"elementor-widget-container\">\n\t\t\t<style>\/*! elementor - v3.18.0 - 20-12-2023 *\/\n.elementor-widget-image{text-align:center}.elementor-widget-image a{display:inline-block}.elementor-widget-image a img[src$=\".svg\"]{width:48px}.elementor-widget-image img{vertical-align:middle;display:inline-block}<\/style>\t\t\t\t\t\t\t\t\t\t\t\t<img decoding=\"async\" width=\"429\" height=\"93\" src=\"https:\/\/notariasantisteban.com\/wp-content\/uploads\/2024\/01\/ALEXIS.png\" class=\"attachment-large size-large wp-image-602\" alt=\"\" srcset=\"https:\/\/notariasantisteban.com\/wp-content\/uploads\/2024\/01\/ALEXIS.png 429w, https:\/\/notariasantisteban.com\/wp-content\/uploads\/2024\/01\/ALEXIS-300x65.png 300w\" sizes=\"(max-width: 429px) 100vw, 429px\" \/>\t\t\t\t\t\t\t\t\t\t\t\t\t\t\t<\/div>\n\t\t\t\t<\/div>\n\t\t\t\t<div class=\"elementor-element elementor-element-1076d31 elementor-widget elementor-widget-spacer\" data-id=\"1076d31\" data-element_type=\"widget\" data-widget_type=\"spacer.default\">\n\t\t\t\t<div class=\"elementor-widget-container\">\n\t\t\t<style>\/*! elementor - v3.18.0 - 20-12-2023 *\/\n.elementor-column .elementor-spacer-inner{height:var(--spacer-size)}.e-con{--container-widget-width:100%}.e-con-inner>.elementor-widget-spacer,.e-con>.elementor-widget-spacer{width:var(--container-widget-width,var(--spacer-size));--align-self:var(--container-widget-align-self,initial);--flex-shrink:0}.e-con-inner>.elementor-widget-spacer>.elementor-widget-container,.e-con>.elementor-widget-spacer>.elementor-widget-container{height:100%;width:100%}.e-con-inner>.elementor-widget-spacer>.elementor-widget-container>.elementor-spacer,.e-con>.elementor-widget-spacer>.elementor-widget-container>.elementor-spacer{height:100%}.e-con-inner>.elementor-widget-spacer>.elementor-widget-container>.elementor-spacer>.elementor-spacer-inner,.e-con>.elementor-widget-spacer>.elementor-widget-container>.elementor-spacer>.elementor-spacer-inner{height:var(--container-widget-height,var(--spacer-size))}.e-con-inner>.elementor-widget-spacer.elementor-widget-empty,.e-con>.elementor-widget-spacer.elementor-widget-empty{position:relative;min-height:22px;min-width:22px}.e-con-inner>.elementor-widget-spacer.elementor-widget-empty .elementor-widget-empty-icon,.e-con>.elementor-widget-spacer.elementor-widget-empty .elementor-widget-empty-icon{position:absolute;top:0;bottom:0;left:0;right:0;margin:auto;padding:0;width:22px;height:22px}<\/style>\t\t<div class=\"elementor-spacer\">\n\t\t\t<div class=\"elementor-spacer-inner\"><\/div>\n\t\t<\/div>\n\t\t\t\t<\/div>\n\t\t\t\t<\/div>\n\t\t\t\t\t<\/div>\n\t\t<\/div>\n\t\t\t\t\t\t\t<\/div>\n\t\t<\/section>\n\t\t\t\t\t\t\t<\/div>\n\t\t","protected":false},"excerpt":{"rendered":"<p>PRESCRIPCION ADQUISITIVA DE DOMINIO VEHICULAR PRESCRIPCION ADQUISITIVA DE DOMINIO VEHICULAR Solicitud Documento nacional de identidad del solicitante. Tres (03) a seis (06) testigos mayores de 25 a\u00f1os, que no sean familiares del solicitante. Copia literal de la partida registral del veh\u00edculo, expedido por Registros P\u00fablicos. Certificado de gravamen, expedido por Registros P\u00fablicos. Certificaci\u00f3n expedida por [&hellip;]<\/p>\n","protected":false},"author":1,"featured_media":0,"parent":0,"menu_order":0,"comment_status":"closed","ping_status":"closed","template":"","meta":{"footnotes":""},"_links":{"self":[{"href":"https:\/\/notariasantisteban.com\/index.php\/wp-json\/wp\/v2\/pages\/559"}],"collection":[{"href":"https:\/\/notariasantisteban.com\/index.php\/wp-json\/wp\/v2\/pages"}],"about":[{"href":"https:\/\/notariasantisteban.com\/index.php\/wp-json\/wp\/v2\/types\/page"}],"author":[{"embeddable":true,"href":"https:\/\/notariasantisteban.com\/index.php\/wp-json\/wp\/v2\/users\/1"}],"replies":[{"embeddable":true,"href":"https:\/\/notariasantisteban.com\/index.php\/wp-json\/wp\/v2\/comments?post=559"}],"version-history":[{"count":7,"href":"https:\/\/notariasantisteban.com\/index.php\/wp-json\/wp\/v2\/pages\/559\/revisions"}],"predecessor-version":[{"id":880,"href":"https:\/\/notariasantisteban.com\/index.php\/wp-json\/wp\/v2\/pages\/559\/revisions\/880"}],"wp:attachment":[{"href":"https:\/\/notariasantisteban.com\/index.php\/wp-json\/wp\/v2\/media?parent=559"}],"curies":[{"name":"wp","href":"https:\/\/api.w.org\/{rel}","templated":true}]}}