{"id":87,"date":"2024-01-13T22:20:16","date_gmt":"2024-01-13T21:20:16","guid":{"rendered":"https:\/\/notariasantisteban.com\/?page_id=87"},"modified":"2024-07-11T03:41:51","modified_gmt":"2024-07-11T01:41:51","slug":"servicios-notariales","status":"publish","type":"page","link":"https:\/\/notariasantisteban.com\/index.php\/servicios-notariales\/","title":{"rendered":"Servicios Notariales"},"content":{"rendered":"\t\t<div data-elementor-type=\"wp-page\" data-elementor-id=\"87\" class=\"elementor elementor-87\" data-elementor-post-type=\"page\">\n\t\t\t\t\t\t\t\t\t<section class=\"elementor-section elementor-top-section elementor-element elementor-element-1f9e9951 elementor-section-boxed elementor-section-height-default elementor-section-height-default\" data-id=\"1f9e9951\" data-element_type=\"section\">\n\t\t\t\t\t\t\t<div class=\"elementor-background-overlay\"><\/div>\n\t\t\t\t\t\t\t<div class=\"elementor-container elementor-column-gap-default\">\n\t\t\t\t\t<div class=\"elementor-column elementor-col-100 elementor-top-column elementor-element elementor-element-51c3967e\" data-id=\"51c3967e\" data-element_type=\"column\">\n\t\t\t<div class=\"elementor-widget-wrap elementor-element-populated\">\n\t\t\t\t\t\t\t\t<div class=\"elementor-element elementor-element-7861287e elementor-tabs-view-vertical elementor-tabs-alignment-center elementor-widget elementor-widget-tabs\" data-id=\"7861287e\" data-element_type=\"widget\" data-widget_type=\"tabs.default\">\n\t\t\t\t<div class=\"elementor-widget-container\">\n\t\t\t<style>\/*! elementor - v3.18.0 - 20-12-2023 *\/\n.elementor-widget-tabs.elementor-tabs-view-vertical .elementor-tabs-wrapper{width:25%;flex-shrink:0}.elementor-widget-tabs.elementor-tabs-view-vertical .elementor-tab-desktop-title.elementor-active{border-right-style:none}.elementor-widget-tabs.elementor-tabs-view-vertical .elementor-tab-desktop-title.elementor-active:after,.elementor-widget-tabs.elementor-tabs-view-vertical .elementor-tab-desktop-title.elementor-active:before{height:999em;width:0;right:0;border-right-style:solid}.elementor-widget-tabs.elementor-tabs-view-vertical .elementor-tab-desktop-title.elementor-active:before{top:0;transform:translateY(-100%)}.elementor-widget-tabs.elementor-tabs-view-vertical .elementor-tab-desktop-title.elementor-active:after{top:100%}.elementor-widget-tabs.elementor-tabs-view-horizontal .elementor-tab-desktop-title{display:table-cell}.elementor-widget-tabs.elementor-tabs-view-horizontal .elementor-tab-desktop-title.elementor-active{border-bottom-style:none}.elementor-widget-tabs.elementor-tabs-view-horizontal .elementor-tab-desktop-title.elementor-active:after,.elementor-widget-tabs.elementor-tabs-view-horizontal .elementor-tab-desktop-title.elementor-active:before{bottom:0;height:0;width:999em;border-bottom-style:solid}.elementor-widget-tabs.elementor-tabs-view-horizontal .elementor-tab-desktop-title.elementor-active:before{right:100%}.elementor-widget-tabs.elementor-tabs-view-horizontal .elementor-tab-desktop-title.elementor-active:after{left:100%}.elementor-widget-tabs .elementor-tab-content,.elementor-widget-tabs .elementor-tab-title,.elementor-widget-tabs .elementor-tab-title:after,.elementor-widget-tabs .elementor-tab-title:before,.elementor-widget-tabs .elementor-tabs-content-wrapper{border:1px #d5d8dc}.elementor-widget-tabs .elementor-tabs{text-align:left}.elementor-widget-tabs .elementor-tabs-wrapper{overflow:hidden}.elementor-widget-tabs .elementor-tab-title{cursor:pointer;outline:var(--focus-outline,none)}.elementor-widget-tabs .elementor-tab-desktop-title{position:relative;padding:20px 25px;font-weight:700;line-height:1;border:solid transparent}.elementor-widget-tabs .elementor-tab-desktop-title.elementor-active{border-color:#d5d8dc}.elementor-widget-tabs .elementor-tab-desktop-title.elementor-active:after,.elementor-widget-tabs .elementor-tab-desktop-title.elementor-active:before{display:block;content:\"\";position:absolute}.elementor-widget-tabs .elementor-tab-desktop-title:focus-visible{border:1px solid #000}.elementor-widget-tabs .elementor-tab-mobile-title{padding:10px;cursor:pointer}.elementor-widget-tabs .elementor-tab-content{padding:20px;display:none}@media (max-width:767px){.elementor-tabs .elementor-tab-content,.elementor-tabs .elementor-tab-title{border-style:solid solid none}.elementor-tabs .elementor-tabs-wrapper{display:none}.elementor-tabs .elementor-tabs-content-wrapper{border-bottom-style:solid}.elementor-tabs .elementor-tab-content{padding:10px}}@media (min-width:768px){.elementor-widget-tabs.elementor-tabs-view-vertical .elementor-tabs{display:flex}.elementor-widget-tabs.elementor-tabs-view-vertical .elementor-tabs-wrapper{flex-direction:column}.elementor-widget-tabs.elementor-tabs-view-vertical .elementor-tabs-content-wrapper{flex-grow:1;border-style:solid solid solid none}.elementor-widget-tabs.elementor-tabs-view-horizontal .elementor-tab-content{border-style:none solid solid}.elementor-widget-tabs.elementor-tabs-alignment-center .elementor-tabs-wrapper,.elementor-widget-tabs.elementor-tabs-alignment-end .elementor-tabs-wrapper,.elementor-widget-tabs.elementor-tabs-alignment-stretch .elementor-tabs-wrapper{display:flex}.elementor-widget-tabs.elementor-tabs-alignment-center .elementor-tabs-wrapper{justify-content:center}.elementor-widget-tabs.elementor-tabs-alignment-end .elementor-tabs-wrapper{justify-content:flex-end}.elementor-widget-tabs.elementor-tabs-alignment-stretch.elementor-tabs-view-horizontal .elementor-tab-title{width:100%}.elementor-widget-tabs.elementor-tabs-alignment-stretch.elementor-tabs-view-vertical .elementor-tab-title{height:100%}.elementor-tabs .elementor-tab-mobile-title{display:none}}<\/style>\t\t<div class=\"elementor-tabs\">\n\t\t\t<div class=\"elementor-tabs-wrapper\" role=\"tablist\" >\n\t\t\t\t\t\t\t\t\t<div id=\"elementor-tab-title-2011\" class=\"elementor-tab-title elementor-tab-desktop-title\" aria-selected=\"true\" data-tab=\"1\" role=\"tab\" tabindex=\"0\" aria-controls=\"elementor-tab-content-2011\" aria-expanded=\"false\">COMPRAVENTA DE VEH\u00cdCULO<\/div>\n\t\t\t\t\t\t\t\t\t<div id=\"elementor-tab-title-2012\" class=\"elementor-tab-title elementor-tab-desktop-title\" aria-selected=\"false\" data-tab=\"2\" role=\"tab\" tabindex=\"-1\" aria-controls=\"elementor-tab-content-2012\" aria-expanded=\"false\">DONACI\u00d3N DE VEH\u00cdCULO<\/div>\n\t\t\t\t\t\t\t<\/div>\n\t\t\t<div class=\"elementor-tabs-content-wrapper\" role=\"tablist\" aria-orientation=\"vertical\">\n\t\t\t\t\t\t\t\t\t<div class=\"elementor-tab-title elementor-tab-mobile-title\" aria-selected=\"true\" data-tab=\"1\" role=\"tab\" tabindex=\"0\" aria-controls=\"elementor-tab-content-2011\" aria-expanded=\"false\">COMPRAVENTA DE VEH\u00cdCULO<\/div>\n\t\t\t\t\t<div id=\"elementor-tab-content-2011\" class=\"elementor-tab-content elementor-clearfix\" data-tab=\"1\" role=\"tabpanel\" aria-labelledby=\"elementor-tab-title-2011\" tabindex=\"0\" hidden=\"false\"><ul><li>DNI de los contratantes.<\/li><li>Boleta informativa del veh\u00edculo, expedida por Registros P\u00fablicos (SUNARP).<sup>1<\/sup><\/li><li>Tarjeta de propiedad del veh\u00edculo.<\/li><li>SOAT vigente del veh\u00edculo.<\/li><li>Medio de pago bancario de la compraventa: dep\u00f3sito bancario, transferencia bancaria, cheque de gerencia, etc.<\/li><li>De ser el caso, el comprobante de pago anual del impuesto al patrimonio vehicular.<sup>2<\/sup><\/li><\/ul><p><strong>EN LA NOTAR\u00cdA SE VERIFICAR\u00c1 SI EL VENDEDOR SE ENCUENTRA OBLIGADO A LA PRESENTACI\u00d3N DEL PAGO DEL IMPUESTO AL PATRIMONIO VEHICULAR<\/strong>.<\/p><p><sup>1\u00a0 \u00a0<\/sup>En la notar\u00eda se puede realizar la gesti\u00f3n de la boleta informativa del veh\u00edculo.<\/p><p><sup>2 <\/sup>La transferencia de mototaxis, motocicletas y motos cargueras no pagan el impuesto al patrimonio vehicular.<\/p><p>\u00a0<\/p><p><u>INFORMACI\u00d3N A TENER EN CUENTA:<\/u><\/p><ul><li>Si alguno de los contratantes se encuentra representado por un apoderado, se deber\u00e1 presentar el certificado de vigencia de poder actualizado, expedido por Registros P\u00fablicos (SUNARP).<\/li><li>Si alguno de los contratantes es una persona jur\u00eddica, el representante legal deber\u00e1 presentar el certificado de vigencia de poder actualizado, expedido por Registros P\u00fablicos (SUNARP); y, la ficha RUC actualizada emitida por SUNAT.<ul><li>Si alguno de los contratantes, se encuentra acogido al r\u00e9gimen de separaci\u00f3n de patrimonios, deber\u00e1 presentar el certificado literal actualizado de la partida registral, expedido por Registros P\u00fablicos (SUNARP).<\/li><\/ul><\/li><li>Si alguno de los contratantes es extranjero, deber\u00e1 presentar el carnet de extranjer\u00eda.<\/li><li>El impuesto al patrimonio vehicular se cancela los tres primeros a\u00f1os posteriores a la adquisici\u00f3n del veh\u00edculo, en la municipalidad del domicilio del propietario (vendedor).<\/li><\/ul><p>\u00a0<\/p><p><em>Los requisitos son referenciales, luego de revisar la documentaci\u00f3n, la notar\u00eda podr\u00e1 solicitar documentos adicionales.<\/em><\/p><\/div>\n\t\t\t\t\t\t\t\t\t<div class=\"elementor-tab-title elementor-tab-mobile-title\" aria-selected=\"false\" data-tab=\"2\" role=\"tab\" tabindex=\"-1\" aria-controls=\"elementor-tab-content-2012\" aria-expanded=\"false\">DONACI\u00d3N DE VEH\u00cdCULO<\/div>\n\t\t\t\t\t<div id=\"elementor-tab-content-2012\" class=\"elementor-tab-content elementor-clearfix\" data-tab=\"2\" role=\"tabpanel\" aria-labelledby=\"elementor-tab-title-2012\" tabindex=\"0\" hidden=\"hidden\"><ul><li>DNI de los contratantes.<\/li><li>Boleta informativa del veh\u00edculo, expedida por Registros P\u00fablicos (SUNARP). <sup>1<\/sup><\/li><li>Tarjeta de propiedad del veh\u00edculo.<\/li><li>SOAT vigente del veh\u00edculo.<\/li><li>De ser el caso, el comprobante del pago anual del impuesto al patrimonio vehicular. <sup>2<\/sup><\/li><\/ul><p><strong>EN LA NOTAR\u00cdA SE VERIFICAR\u00c1 SI EL DONANTE EST\u00c1 OBLIGADO A LA PRESENTACI\u00d3N DEL COMPROBANTE DE PAGO DEL IMPUESTO AL PATRIMONIO VEHICULAR<\/strong>.<\/p><p>\u00a0<\/p><p><sup>1\u00a0\u00a0 <\/sup>En la notar\u00eda se puede realizar la gesti\u00f3n de la boleta informativa del veh\u00edculo.<\/p><p><sup>2 <\/sup>La transferencia de mototaxis, motocicletas y motos cargueras no pagan el impuesto al patrimonial vehicular.<\/p><p>\u00a0<\/p><p><u>INFORMACI\u00d3N A TENER EN CUENTA:<\/u><\/p><ul><li>Si alguno de los contratantes se encuentra representado por un apoderado, se deber\u00e1 presentar el certificado de vigencia de poder actualizado, expedido por Registros P\u00fablicos (SUNARP).<\/li><li>Si alguno de los contratantes es una persona jur\u00eddica, el representante legal deber\u00e1 presentar el certificado de vigencia de poder actualizado, expedido por Registros P\u00fablicos (SUNARP); y, la ficha RUC actualizada emitida por SUNAT.<ul><li>Si el transferente del, se encuentra acogido al r\u00e9gimen de separaci\u00f3n de patrimonios, deber\u00e1 presentar el certificado literal actualizado de la partida registral, expedido por Registros P\u00fablicos (SUNARP).<\/li><\/ul><\/li><li>Si alguno de los contratantes es extranjero, deber\u00e1 presentar el carnet de extranjer\u00eda.<\/li><li>El impuesto al patrimonio vehicular se paga los tres primeros a\u00f1os posteriores a la adquisici\u00f3n del veh\u00edculo, en la municipalidad del domicilio del propietario (vendedor).<\/li><\/ul><p>\u00a0<\/p><p><em>Los requisitos son referenciales, luego de revisar la documentaci\u00f3n, la notar\u00eda podr\u00e1 solicitar documentos adicionales.<\/em><\/p><\/div>\n\t\t\t\t\t\t\t<\/div>\n\t\t<\/div>\n\t\t\t\t<\/div>\n\t\t\t\t<\/div>\n\t\t\t\t<div class=\"elementor-element elementor-element-24a4ece elementor-widget elementor-widget-image\" data-id=\"24a4ece\" data-element_type=\"widget\" data-widget_type=\"image.default\">\n\t\t\t\t<div class=\"elementor-widget-container\">\n\t\t\t<style>\/*! elementor - v3.18.0 - 20-12-2023 *\/\n.elementor-widget-image{text-align:center}.elementor-widget-image a{display:inline-block}.elementor-widget-image a img[src$=\".svg\"]{width:48px}.elementor-widget-image img{vertical-align:middle;display:inline-block}<\/style>\t\t\t\t\t\t\t\t\t\t\t\t<img decoding=\"async\" width=\"429\" height=\"93\" src=\"https:\/\/notariasantisteban.com\/wp-content\/uploads\/2024\/01\/ALEXIS.png\" class=\"attachment-large size-large wp-image-602\" alt=\"\" srcset=\"https:\/\/notariasantisteban.com\/wp-content\/uploads\/2024\/01\/ALEXIS.png 429w, https:\/\/notariasantisteban.com\/wp-content\/uploads\/2024\/01\/ALEXIS-300x65.png 300w\" sizes=\"(max-width: 429px) 100vw, 429px\" \/>\t\t\t\t\t\t\t\t\t\t\t\t\t\t\t<\/div>\n\t\t\t\t<\/div>\n\t\t\t\t<div class=\"elementor-element elementor-element-d8f686c elementor-widget elementor-widget-spacer\" data-id=\"d8f686c\" data-element_type=\"widget\" data-widget_type=\"spacer.default\">\n\t\t\t\t<div class=\"elementor-widget-container\">\n\t\t\t<style>\/*! elementor - v3.18.0 - 20-12-2023 *\/\n.elementor-column .elementor-spacer-inner{height:var(--spacer-size)}.e-con{--container-widget-width:100%}.e-con-inner>.elementor-widget-spacer,.e-con>.elementor-widget-spacer{width:var(--container-widget-width,var(--spacer-size));--align-self:var(--container-widget-align-self,initial);--flex-shrink:0}.e-con-inner>.elementor-widget-spacer>.elementor-widget-container,.e-con>.elementor-widget-spacer>.elementor-widget-container{height:100%;width:100%}.e-con-inner>.elementor-widget-spacer>.elementor-widget-container>.elementor-spacer,.e-con>.elementor-widget-spacer>.elementor-widget-container>.elementor-spacer{height:100%}.e-con-inner>.elementor-widget-spacer>.elementor-widget-container>.elementor-spacer>.elementor-spacer-inner,.e-con>.elementor-widget-spacer>.elementor-widget-container>.elementor-spacer>.elementor-spacer-inner{height:var(--container-widget-height,var(--spacer-size))}.e-con-inner>.elementor-widget-spacer.elementor-widget-empty,.e-con>.elementor-widget-spacer.elementor-widget-empty{position:relative;min-height:22px;min-width:22px}.e-con-inner>.elementor-widget-spacer.elementor-widget-empty .elementor-widget-empty-icon,.e-con>.elementor-widget-spacer.elementor-widget-empty .elementor-widget-empty-icon{position:absolute;top:0;bottom:0;left:0;right:0;margin:auto;padding:0;width:22px;height:22px}<\/style>\t\t<div class=\"elementor-spacer\">\n\t\t\t<div class=\"elementor-spacer-inner\"><\/div>\n\t\t<\/div>\n\t\t\t\t<\/div>\n\t\t\t\t<\/div>\n\t\t\t\t\t<\/div>\n\t\t<\/div>\n\t\t\t\t\t\t\t<\/div>\n\t\t<\/section>\n\t\t\t\t\t\t\t<\/div>\n\t\t","protected":false},"excerpt":{"rendered":"<p>COMPRAVENTA DE VEH\u00cdCULO DONACI\u00d3N DE VEH\u00cdCULO COMPRAVENTA DE VEH\u00cdCULO DNI de los contratantes. Boleta informativa del veh\u00edculo, expedida por Registros P\u00fablicos (SUNARP).1 Tarjeta de propiedad del veh\u00edculo. SOAT vigente del veh\u00edculo. Medio de pago bancario de la compraventa: dep\u00f3sito bancario, transferencia bancaria, cheque de gerencia, etc. De ser el caso, el comprobante de pago anual [&hellip;]<\/p>\n","protected":false},"author":1,"featured_media":0,"parent":0,"menu_order":0,"comment_status":"closed","ping_status":"closed","template":"","meta":{"footnotes":""},"_links":{"self":[{"href":"https:\/\/notariasantisteban.com\/index.php\/wp-json\/wp\/v2\/pages\/87"}],"collection":[{"href":"https:\/\/notariasantisteban.com\/index.php\/wp-json\/wp\/v2\/pages"}],"about":[{"href":"https:\/\/notariasantisteban.com\/index.php\/wp-json\/wp\/v2\/types\/page"}],"author":[{"embeddable":true,"href":"https:\/\/notariasantisteban.com\/index.php\/wp-json\/wp\/v2\/users\/1"}],"replies":[{"embeddable":true,"href":"https:\/\/notariasantisteban.com\/index.php\/wp-json\/wp\/v2\/comments?post=87"}],"version-history":[{"count":16,"href":"https:\/\/notariasantisteban.com\/index.php\/wp-json\/wp\/v2\/pages\/87\/revisions"}],"predecessor-version":[{"id":969,"href":"https:\/\/notariasantisteban.com\/index.php\/wp-json\/wp\/v2\/pages\/87\/revisions\/969"}],"wp:attachment":[{"href":"https:\/\/notariasantisteban.com\/index.php\/wp-json\/wp\/v2\/media?parent=87"}],"curies":[{"name":"wp","href":"https:\/\/api.w.org\/{rel}","templated":true}]}}